{"id":4,"date":"2023-01-12T15:17:46","date_gmt":"2023-01-12T15:17:46","guid":{"rendered":"https:\/\/jagdschule-im-saarland.de\/?page_id=4"},"modified":"2023-01-13T08:20:56","modified_gmt":"2023-01-13T08:20:56","slug":"willkommen-auf-https-jagdschule-im-saarland-de","status":"publish","type":"page","link":"https:\/\/jagdschule-im-saarland.de\/","title":{"rendered":"Willkommen"},"content":{"rendered":"\n<p class=\"has-text-align-center\">Die&nbsp;<strong>Jagdschule im Saarland<\/strong>&nbsp;bildet seit mehr als <strong>25 Jahren<\/strong> erfolgreich&nbsp;<strong>J\u00e4ger, Falkner, Jagdaufseher und Berufsj\u00e4ger<\/strong><strong> <\/strong>aus.<\/p>\n\n\n\n<p class=\"has-text-align-center\"><strong>Unsere Erfolgsquote spricht dabei f\u00fcr sich<\/strong>.<\/p>\n\n\n\n<p class=\"has-text-align-center\"><strong>Jetzt<\/strong> arbeiten wir in <strong>Kooperation<\/strong> mit der Jagdschule<br>Jagen Lernen GmbH am Linslerhof in 66802 \u00dcberherrn.<br>Sie finden alle Informationen, wie Seminare, Termine, Preise, Anmeldung etc. unter<\/p>\n\n\n\n<h3 class=\"has-text-align-center\"><a href=\"https:\/\/www.jagen-lernen.de\" target=\"_blank\" rel=\"noreferrer noopener\">Jagen lernen<\/a><\/h3>\n","protected":false},"excerpt":{"rendered":"<p>Die&nbsp;Jagdschule im Saarland&nbsp;bildet seit mehr als 25 Jahren erfolgreich&nbsp;J\u00e4ger, Falkner, Jagdaufseher und Berufsj\u00e4ger aus. Unsere Erfolgsquote spricht dabei f\u00fcr sich. Jetzt arbeiten wir in Kooperation mit der JagdschuleJagen Lernen GmbH [&hellip;]<\/p>\n","protected":false},"author":1,"featured_media":0,"parent":0,"menu_order":0,"comment_status":"closed","ping_status":"open","template":"","meta":[],"_links":{"self":[{"href":"https:\/\/jagdschule-im-saarland.de\/index.php?rest_route=\/wp\/v2\/pages\/4"}],"collection":[{"href":"https:\/\/jagdschule-im-saarland.de\/index.php?rest_route=\/wp\/v2\/pages"}],"about":[{"href":"https:\/\/jagdschule-im-saarland.de\/index.php?rest_route=\/wp\/v2\/types\/page"}],"author":[{"embeddable":true,"href":"https:\/\/jagdschule-im-saarland.de\/index.php?rest_route=\/wp\/v2\/users\/1"}],"replies":[{"embeddable":true,"href":"https:\/\/jagdschule-im-saarland.de\/index.php?rest_route=%2Fwp%2Fv2%2Fcomments&post=4"}],"version-history":[{"count":5,"href":"https:\/\/jagdschule-im-saarland.de\/index.php?rest_route=\/wp\/v2\/pages\/4\/revisions"}],"predecessor-version":[{"id":31,"href":"https:\/\/jagdschule-im-saarland.de\/index.php?rest_route=\/wp\/v2\/pages\/4\/revisions\/31"}],"wp:attachment":[{"href":"https:\/\/jagdschule-im-saarland.de\/index.php?rest_route=%2Fwp%2Fv2%2Fmedia&parent=4"}],"curies":[{"name":"wp","href":"https:\/\/api.w.org\/{rel}","templated":true}]}}